{"id":1285,"date":"2023-01-16T14:47:06","date_gmt":"2023-01-16T14:47:06","guid":{"rendered":"http:\/\/wptf.themepul.co\/calfin\/?page_id=1285"},"modified":"2025-03-24T21:43:33","modified_gmt":"2025-03-24T21:43:33","slug":"consultoria","status":"publish","type":"page","link":"https:\/\/ccorporativo.mx\/web\/services\/consultoria\/","title":{"rendered":"Consultor\u00eda"},"content":{"rendered":"\t\t<div data-elementor-type=\"wp-page\" data-elementor-id=\"1285\" class=\"elementor elementor-1285\">\n\t\t\t\t\t\t<section class=\"elementor-section elementor-top-section elementor-element elementor-element-49fa5ec elementor-section-boxed elementor-section-height-default elementor-section-height-default\" data-id=\"49fa5ec\" data-element_type=\"section\">\n\t\t\t\t\t\t<div class=\"elementor-container elementor-column-gap-no\">\n\t\t\t\t\t<div class=\"elementor-column elementor-col-50 elementor-top-column elementor-element elementor-element-e20837d\" data-id=\"e20837d\" data-element_type=\"column\">\n\t\t\t<div class=\"elementor-widget-wrap elementor-element-populated\">\n\t\t\t\t\t\t<div class=\"elementor-element elementor-element-c9da785 elementor-widget elementor-widget-calfin_menu_list\" data-id=\"c9da785\" data-element_type=\"widget\" data-widget_type=\"calfin_menu_list.default\">\n\t\t\t\t<div class=\"elementor-widget-container\">\n\t\t\t\t\t        <div class=\"calfin-menu-list-wrapper\">\r\n            <div class=\"widget widget_nav_menu\">\r\n            <ul id=\"menu-services-menu\" class=\"elementor-nav-menu menu\"><li id=\"menu-item-1124\" class=\"menu-item menu-item-type-post_type menu-item-object-page menu-item-1124\"><a href=\"https:\/\/ccorporativo.mx\/web\/services\/servicios-legales\/\">Servicios Legales Corporativos<\/a><\/li>\n<li id=\"menu-item-1296\" class=\"menu-item menu-item-type-post_type menu-item-object-page menu-item-1296\"><a href=\"https:\/\/ccorporativo.mx\/web\/services\/aic\/\">Asesor\u00eda Integral Corporativa<\/a><\/li>\n<li id=\"menu-item-1294\" class=\"menu-item menu-item-type-post_type menu-item-object-page menu-item-1294\"><a href=\"https:\/\/ccorporativo.mx\/web\/services\/consultoria\/\">Consultor\u00eda<\/a><\/li>\n<li id=\"menu-item-1295\" class=\"menu-item menu-item-type-post_type menu-item-object-page menu-item-1295\"><a href=\"https:\/\/ccorporativo.mx\/web\/services\/ri-contable\/\">RI Contable<\/a><\/li>\n<\/ul>            <\/div>\r\n        <\/div>\r\n        \t\t\t\t<\/div>\n\t\t\t\t<\/div>\n\t\t\t\t<div class=\"elementor-element elementor-element-70920f4 elementor-widget elementor-widget-call_addons_widget\" data-id=\"70920f4\" data-element_type=\"widget\" data-widget_type=\"call_addons_widget.default\">\n\t\t\t\t<div class=\"elementor-widget-container\">\n\t\t\t\t\t        <div class=\"call-us-wraqper\">\n            <div class=\"call-us-box\">\n                            <h4 class=\"call-us-title\">  LL\u00c1MANOS<\/h4>\n                                        <div class=\"call-icon\">\n                    <i aria-hidden=\"true\" class=\"ico ico-phone3\"><\/i>                <\/div>\n                            <div class=\"call-us-content\">\n                                    <span class=\"call-stitle\"> Estamos listos para resolver tus dudas. <\/span>\n                                                    <h4 class=\"call-us-number\">800 839 4448<\/h4>\n                                <\/div>\n            <\/div>\n        <\/div>\n        \t\t\t\t<\/div>\n\t\t\t\t<\/div>\n\t\t\t\t\t<\/div>\n\t\t<\/div>\n\t\t\t\t<div class=\"elementor-column elementor-col-50 elementor-top-column elementor-element elementor-element-5fbcfb3\" data-id=\"5fbcfb3\" data-element_type=\"column\">\n\t\t\t<div class=\"elementor-widget-wrap elementor-element-populated\">\n\t\t\t\t\t\t<div class=\"elementor-element elementor-element-3327883 elementor-widget elementor-widget-image\" data-id=\"3327883\" data-element_type=\"widget\" data-widget_type=\"image.default\">\n\t\t\t\t<div class=\"elementor-widget-container\">\n\t\t\t\t\t\t\t\t\t\t\t\t\t\t\t<img fetchpriority=\"high\" decoding=\"async\" width=\"850\" height=\"440\" src=\"https:\/\/ccorporativo.mx\/web\/wp-content\/uploads\/2023\/01\/Rectangle-985.jpg\" class=\"attachment-full size-full wp-image-1080\" alt=\"\" srcset=\"https:\/\/ccorporativo.mx\/web\/wp-content\/uploads\/2023\/01\/Rectangle-985.jpg 850w, https:\/\/ccorporativo.mx\/web\/wp-content\/uploads\/2023\/01\/Rectangle-985-300x155.jpg 300w, https:\/\/ccorporativo.mx\/web\/wp-content\/uploads\/2023\/01\/Rectangle-985-768x398.jpg 768w\" sizes=\"(max-width: 850px) 100vw, 850px\" \/>\t\t\t\t\t\t\t\t\t\t\t\t\t\t\t<\/div>\n\t\t\t\t<\/div>\n\t\t\t\t<div class=\"elementor-element elementor-element-5af8157 elementor-widget elementor-widget-heading\" data-id=\"5af8157\" data-element_type=\"widget\" data-widget_type=\"heading.default\">\n\t\t\t\t<div class=\"elementor-widget-container\">\n\t\t\t\t\t<h2 class=\"elementor-heading-title elementor-size-default\">Los beneficios de nuestras Consultor\u00edas<\/h2>\t\t\t\t<\/div>\n\t\t\t\t<\/div>\n\t\t\t\t<div class=\"elementor-element elementor-element-834e6dc elementor-widget elementor-widget-text-editor\" data-id=\"834e6dc\" data-element_type=\"widget\" data-widget_type=\"text-editor.default\">\n\t\t\t\t<div class=\"elementor-widget-container\">\n\t\t\t\t\t\t\t\t\t<p>Tomar decisiones estrat\u00e9gicas basadas en un an\u00e1lisis experto puede marcar la diferencia en el crecimiento de un negocio. Nuestro servicio de <strong data-start=\"253\" data-end=\"269\">Consultor\u00edas<\/strong> consiste en reuniones personalizadas con directivos, due\u00f1os de empresas o clientes individuales, en las que evaluamos sus \u00e1reas de oportunidad y dise\u00f1amos soluciones a medida en aspectos clave como finanzas, contabilidad, legalidad y administraci\u00f3n.<\/p>\t\t\t\t\t\t\t\t<\/div>\n\t\t\t\t<\/div>\n\t\t\t\t<div class=\"elementor-element elementor-element-3a4ed61 elementor-widget elementor-widget-about-us\" data-id=\"3a4ed61\" data-element_type=\"widget\" data-widget_type=\"about-us.default\">\n\t\t\t\t<div class=\"elementor-widget-container\">\n\t\t\t\t\t        <div class=\"about-section-wrapper\">\r\n            <div class=\"container\">\r\n                <div class=\"row\">\r\n                    <div class=\"about-us-content\">\r\n                        <div class=\"about-us-section-title\">\r\n                                                                                <\/div>\r\n                                                    <div class=\"calfin-about-us-dec\"> \r\n                                <ul><li>An\u00e1lisis detallado de las fortalezas y oportunidades del negocio<\/li><li>Estrategias personalizadas para optimizar recursos y procesos<\/li><li>Asesoramiento en \u00e1reas financieras, contables, legales y administrativas<\/li><\/ul>                            <\/div>\r\n                                                <div class=\"about-us-button\">\r\n                                                    <\/div>\r\n                    <\/div>\r\n                <\/div>\r\n            <\/div>\r\n        <\/div>\r\n    \t\t\t\t<\/div>\n\t\t\t\t<\/div>\n\t\t\t\t<div class=\"elementor-element elementor-element-0f57cb4 elementor-widget elementor-widget-text-editor\" data-id=\"0f57cb4\" data-element_type=\"widget\" data-widget_type=\"text-editor.default\">\n\t\t\t\t<div class=\"elementor-widget-container\">\n\t\t\t\t\t\t\t\t\t<p>Brindamos una visi\u00f3n objetiva y soluciones pr\u00e1cticas para fortalecer la estructura y el rendimiento de cada empresa o negocio.<\/p>\t\t\t\t\t\t\t\t<\/div>\n\t\t\t\t<\/div>\n\t\t\t\t<div class=\"elementor-element elementor-element-a8765ce elementor-widget elementor-widget-heading\" data-id=\"a8765ce\" data-element_type=\"widget\" data-widget_type=\"heading.default\">\n\t\t\t\t<div class=\"elementor-widget-container\">\n\t\t\t\t\t<h2 class=\"elementor-heading-title elementor-size-default\">Toma la mejor decisi\u00f3n\n<\/h2>\t\t\t\t<\/div>\n\t\t\t\t<\/div>\n\t\t\t\t<div class=\"elementor-element elementor-element-07585f7 elementor-widget elementor-widget-text-editor\" data-id=\"07585f7\" data-element_type=\"widget\" data-widget_type=\"text-editor.default\">\n\t\t\t\t<div class=\"elementor-widget-container\">\n\t\t\t\t\t\t\t\t\t<p>Un acompa\u00f1amiento profesional puede transformar la gesti\u00f3n de un negocio. Con nuestro servicio de <strong data-start=\"1001\" data-end=\"1017\">Consultor\u00edas<\/strong>, obtendr\u00e1s el apoyo de especialistas que te guiar\u00e1n en la toma de decisiones estrat\u00e9gicas, ayud\u00e1ndote a mejorar la eficiencia y rentabilidad de tu empresa con soluciones dise\u00f1adas espec\u00edficamente para tus necesidades.<\/p>\t\t\t\t\t\t\t\t<\/div>\n\t\t\t\t<\/div>\n\t\t\t\t<div class=\"elementor-element elementor-element-511b475 elementor-widget elementor-widget-calfin_services\" data-id=\"511b475\" data-element_type=\"widget\" data-widget_type=\"calfin_services.default\">\n\t\t\t\t<div class=\"elementor-widget-container\">\n\t\t\t\t\t        <div class=\"service-wrapper\">\r\n            <div class=\"container\">\r\n                <div class=\"row justify-content-center\">\r\n                                <div class=\"col-xl-6 col-lg-6 col-md-6 col-12\">\r\n                            <div class=\"box-inner\">\r\n                                <div class=\"service-icon\">\r\n                                    <i aria-hidden=\"true\" class=\"bi bi-files\"><\/i>                                <\/div>\r\n                                <div class=\"text-area\">\r\n                                    <div class=\"iconbox-title\">\r\n                                        <h2 class=\"services-title\"> \r\n                                                                                    <a href=\"https:\/\/ccorporativo.mx\/web\/services\/ri-contable\/\"  target=\"_blank\" rel=\"nofollow\">                                            RI Contable                                            <\/a>                                        <\/h2>\r\n                                    <\/div> \r\n                                    <div class=\"services-txt\">\r\n                                        Personas f\u00edsicas que quieren estar al d\u00eda con sus obligaciones.                                     <\/div>    \r\n                                <\/div>\r\n                                                                    <div class=\"services-button\">\r\n                                        <a class=\"services-btn\" href=\"http:\/\/wptf.themepul.co\/calfin\/services\/financial-services\/\"  target=\"_blank\" rel=\"nofollow\">\r\n                                            <i aria-hidden=\"true\" class=\"ico ico-arrow-right\"><\/i>                                        <\/a>\r\n                                    <\/div>\r\n                                                            <\/div>\r\n                        \r\n                    <\/div>\r\n                                    <div class=\"col-xl-6 col-lg-6 col-md-6 col-12\">\r\n                            <div class=\"box-inner\">\r\n                                <div class=\"service-icon\">\r\n                                    <i aria-hidden=\"true\" class=\"flaticon flaticon-money\"><\/i>                                <\/div>\r\n                                <div class=\"text-area\">\r\n                                    <div class=\"iconbox-title\">\r\n                                        <h2 class=\"services-title\"> \r\n                                                                                    <a href=\"https:\/\/ccorporativo.mx\/web\/services\/aic\/\"  target=\"_blank\" rel=\"nofollow\">                                            Asesor\u00eda Integral Contable                                            <\/a>                                        <\/h2>\r\n                                    <\/div> \r\n                                    <div class=\"services-txt\">\r\n                                        Optimizaci\u00f3n de responsabilidades Fiscales                                    <\/div>    \r\n                                <\/div>\r\n                                                                    <div class=\"services-button\">\r\n                                        <a class=\"services-btn\" href=\"http:\/\/wptf.themepul.co\/calfin\/services\/financial-services\/\"  target=\"_blank\" rel=\"nofollow\">\r\n                                            <i aria-hidden=\"true\" class=\"ico ico-arrow-right\"><\/i>                                        <\/a>\r\n                                    <\/div>\r\n                                                            <\/div>\r\n                        \r\n                    <\/div>\r\n                                    <\/div>\r\n            <\/div>\r\n        <\/div>\r\n        \t\t\t\t<\/div>\n\t\t\t\t<\/div>\n\t\t\t\t\t<\/div>\n\t\t<\/div>\n\t\t\t\t\t<\/div>\n\t\t<\/section>\n\t\t\t\t<section class=\"elementor-section elementor-top-section elementor-element elementor-element-4540999 elementor-section-full_width elementor-section-stretched elementor-section-height-default elementor-section-height-default\" data-id=\"4540999\" data-element_type=\"section\" data-settings=\"{&quot;stretch_section&quot;:&quot;section-stretched&quot;,&quot;background_background&quot;:&quot;classic&quot;}\">\n\t\t\t\t\t\t\t<div class=\"elementor-background-overlay\"><\/div>\n\t\t\t\t\t\t\t<div class=\"elementor-container elementor-column-gap-no\">\n\t\t\t\t\t<div class=\"elementor-column elementor-col-100 elementor-top-column elementor-element elementor-element-de67789\" data-id=\"de67789\" data-element_type=\"column\">\n\t\t\t<div class=\"elementor-widget-wrap elementor-element-populated\">\n\t\t\t\t\t\t<section class=\"elementor-section elementor-inner-section elementor-element elementor-element-1cf3d10 elementor-section-boxed elementor-section-height-default elementor-section-height-default\" data-id=\"1cf3d10\" data-element_type=\"section\">\n\t\t\t\t\t\t<div class=\"elementor-container elementor-column-gap-no\">\n\t\t\t\t\t<div class=\"elementor-column elementor-col-100 elementor-inner-column elementor-element elementor-element-700e276\" data-id=\"700e276\" data-element_type=\"column\">\n\t\t\t<div class=\"elementor-widget-wrap elementor-element-populated\">\n\t\t\t\t\t\t<div class=\"elementor-element elementor-element-1b8ed4e elementor-widget elementor-widget-heading\" data-id=\"1b8ed4e\" data-element_type=\"widget\" data-widget_type=\"heading.default\">\n\t\t\t\t<div class=\"elementor-widget-container\">\n\t\t\t\t\t<h2 class=\"elementor-heading-title elementor-size-default\">\u00bfListo para crecer juntos?<\/h2>\t\t\t\t<\/div>\n\t\t\t\t<\/div>\n\t\t\t\t<div class=\"elementor-element elementor-element-9a02ae5 elementor-widget elementor-widget-calfin_button\" data-id=\"9a02ae5\" data-element_type=\"widget\" data-widget_type=\"calfin_button.default\">\n\t\t\t\t<div class=\"elementor-widget-container\">\n\t\t\t\t\t        <div class=\"calfin-button-wrapper\">\n            <div class=\"calfin-button\">\n                                <a  href=\"https:\/\/wptf.themepul.co\/calfin\/contact\/\" target=\"_blank\" rel=\"nofollow\" class=\"theme-btns\">Agenda una consulta<\/a>\n            <\/div>\n        <\/div>\n        \t\t\t\t<\/div>\n\t\t\t\t<\/div>\n\t\t\t\t\t<\/div>\n\t\t<\/div>\n\t\t\t\t\t<\/div>\n\t\t<\/section>\n\t\t\t\t\t<\/div>\n\t\t<\/div>\n\t\t\t\t\t<\/div>\n\t\t<\/section>\n\t\t\t\t<\/div>\n\t\t","protected":false},"excerpt":{"rendered":"<p>Servicios Legales Corporativos Asesor\u00eda Integral Corporativa Consultor\u00eda RI Contable LL\u00c1MANOS Estamos listos para resolver tus dudas. 800 839 4448 Los beneficios de nuestras Consultor\u00edas Tomar decisiones estrat\u00e9gicas basadas en un an\u00e1lisis experto puede marcar la diferencia en el crecimiento de un negocio. Nuestro servicio de Consultor\u00edas consiste en reuniones personalizadas con directivos, due\u00f1os de empresas [&hellip;]<\/p>\n","protected":false},"author":1,"featured_media":0,"parent":503,"menu_order":0,"comment_status":"closed","ping_status":"closed","template":"blank-template.php","meta":{"_joinchat":[],"footnotes":""},"class_list":["post-1285","page","type-page","status-publish","hentry"],"_links":{"self":[{"href":"https:\/\/ccorporativo.mx\/web\/wp-json\/wp\/v2\/pages\/1285","targetHints":{"allow":["GET"]}}],"collection":[{"href":"https:\/\/ccorporativo.mx\/web\/wp-json\/wp\/v2\/pages"}],"about":[{"href":"https:\/\/ccorporativo.mx\/web\/wp-json\/wp\/v2\/types\/page"}],"author":[{"embeddable":true,"href":"https:\/\/ccorporativo.mx\/web\/wp-json\/wp\/v2\/users\/1"}],"replies":[{"embeddable":true,"href":"https:\/\/ccorporativo.mx\/web\/wp-json\/wp\/v2\/comments?post=1285"}],"version-history":[{"count":11,"href":"https:\/\/ccorporativo.mx\/web\/wp-json\/wp\/v2\/pages\/1285\/revisions"}],"predecessor-version":[{"id":2499,"href":"https:\/\/ccorporativo.mx\/web\/wp-json\/wp\/v2\/pages\/1285\/revisions\/2499"}],"up":[{"embeddable":true,"href":"https:\/\/ccorporativo.mx\/web\/wp-json\/wp\/v2\/pages\/503"}],"wp:attachment":[{"href":"https:\/\/ccorporativo.mx\/web\/wp-json\/wp\/v2\/media?parent=1285"}],"curies":[{"name":"wp","href":"https:\/\/api.w.org\/{rel}","templated":true}]}}