{"id":3904,"date":"2019-08-28T12:28:00","date_gmt":"2019-08-28T12:28:00","guid":{"rendered":"https:\/\/ccorporativo.mx\/bandipro\/?page_id=3904"},"modified":"2021-01-01T04:43:11","modified_gmt":"2021-01-01T04:43:11","slug":"testimonial-3","status":"publish","type":"page","link":"https:\/\/ccorporativo.mx\/bandipro\/testimonial-3\/","title":{"rendered":"Testimonial &#8211; 3"},"content":{"rendered":"\t\t<div data-elementor-type=\"wp-post\" data-elementor-id=\"3904\" class=\"elementor elementor-3904\">\n\t\t\t\t\t\t<section class=\"elementor-section elementor-top-section elementor-element elementor-element-24e6499 elementor-section-stretched elementor-section-boxed elementor-section-height-default elementor-section-height-default\" data-id=\"24e6499\" data-element_type=\"section\" data-settings=\"{&quot;background_background&quot;:&quot;classic&quot;,&quot;stretch_section&quot;:&quot;section-stretched&quot;}\">\n\t\t\t\t\t\t<div class=\"elementor-container elementor-column-gap-default\">\n\t\t\t\t\t<div class=\"elementor-column elementor-col-100 elementor-top-column elementor-element elementor-element-5481e16\" data-id=\"5481e16\" data-element_type=\"column\">\n\t\t\t<div class=\"elementor-widget-wrap elementor-element-populated\">\n\t\t\t\t\t\t<div class=\"elementor-element elementor-element-73495af elementor-widget elementor-widget-rt-testimonial\" data-id=\"73495af\" data-element_type=\"widget\" data-widget_type=\"rt-testimonial.default\">\n\t\t\t\t<div class=\"elementor-widget-container\">\n\t\t\t\t\t<div class=\"rtel-testimonial-3\">\n    <div class=\"owl-carousel rt-owl-carousel rc-carousel dot-control-layout2\" data-carousel-options=\"{&quot;nav&quot;:false,&quot;dots&quot;:false,&quot;autoplay&quot;:false,&quot;autoplayTimeout&quot;:&quot;5000&quot;,&quot;autoplaySpeed&quot;:600,&quot;autoplayHoverPause&quot;:true,&quot;loop&quot;:true,&quot;margin&quot;:10,&quot;smartSpeed&quot;:1200,&quot;responsive&quot;:{&quot;0&quot;:{&quot;items&quot;:&quot;1&quot;,&quot;nav&quot;:false,&quot;dots&quot;:true},&quot;480&quot;:{&quot;items&quot;:&quot;1&quot;,&quot;nav&quot;:false,&quot;dots&quot;:true},&quot;768&quot;:{&quot;items&quot;:&quot;1&quot;,&quot;nav&quot;:false,&quot;dots&quot;:true},&quot;992&quot;:{&quot;items&quot;:&quot;2&quot;,&quot;nav&quot;:false,&quot;dots&quot;:true},&quot;1200&quot;:{&quot;items&quot;:&quot;2&quot;,&quot;nav&quot;:false,&quot;dots&quot;:true}}}\">\n                      <div class=\"testimonial-box-layout\">\n          <div class=\"rtin-paragraph\">El equipo nos ayud\u00f3 a entender mejor a nuestro p\u00fablico y a desarrollar campa\u00f1as<\/div>\n          <div class=\"media media-none--xs\">\n                          <div class=\"rtin-img\">\n                <img decoding=\"async\" src=\"https:\/\/ccorporativo.mx\/bandipro\/wp-content\/themes\/optimax\/assets\/img\/noimage\/noimage_320x320.jpg\" class=\"media-img-auto\" alt=\"testimonial\">\n              <\/div>\n                        <div class=\"media-body space-md\">\n              <h3 class=\"rtin-title\">Ana Mar\u00eda Ram\u00edrez<\/h3>\n              <div class=\"rtin-subtitle\"><\/div>\n            <\/div>\n          <\/div>\n        <\/div>\n                      <div class=\"testimonial-box-layout\">\n          <div class=\"rtin-paragraph\">Antes de trabajar con esta consultor\u00eda, nuestro marketing era poco estructurado. Ahora tenemos una<\/div>\n          <div class=\"media media-none--xs\">\n                          <div class=\"rtin-img\">\n                <img decoding=\"async\" src=\"https:\/\/ccorporativo.mx\/bandipro\/wp-content\/themes\/optimax\/assets\/img\/noimage\/noimage_320x320.jpg\" class=\"media-img-auto\" alt=\"testimonial\">\n              <\/div>\n                        <div class=\"media-body space-md\">\n              <h3 class=\"rtin-title\">Ricardo G\u00f3mez<\/h3>\n              <div class=\"rtin-subtitle\"><\/div>\n            <\/div>\n          <\/div>\n        <\/div>\n                      <div class=\"testimonial-box-layout\">\n          <div class=\"rtin-paragraph\">La asesor\u00eda que recibimos fue clave para posicionar nuestra marca en el mercado. Nos<\/div>\n          <div class=\"media media-none--xs\">\n                          <div class=\"rtin-img\">\n                <img decoding=\"async\" src=\"https:\/\/ccorporativo.mx\/bandipro\/wp-content\/themes\/optimax\/assets\/img\/noimage\/noimage_320x320.jpg\" class=\"media-img-auto\" alt=\"testimonial\">\n              <\/div>\n                        <div class=\"media-body space-md\">\n              <h3 class=\"rtin-title\">Mariana L\u00f3pez<\/h3>\n              <div class=\"rtin-subtitle\"><\/div>\n            <\/div>\n          <\/div>\n        <\/div>\n                      <div class=\"testimonial-box-layout\">\n          <div class=\"rtin-paragraph\">Gracias al equipo de consultor\u00eda, logramos mejorar nuestra estrategia de marketing digital y aumentar<\/div>\n          <div class=\"media media-none--xs\">\n                          <div class=\"rtin-img\">\n                <img decoding=\"async\" src=\"https:\/\/ccorporativo.mx\/bandipro\/wp-content\/themes\/optimax\/assets\/img\/noimage\/noimage_320x320.jpg\" class=\"media-img-auto\" alt=\"testimonial\">\n              <\/div>\n                        <div class=\"media-body space-md\">\n              <h3 class=\"rtin-title\">Jorge Hern\u00e1ndez<\/h3>\n              <div class=\"rtin-subtitle\"><\/div>\n            <\/div>\n          <\/div>\n        <\/div>\n                      <div class=\"testimonial-box-layout\">\n          <div class=\"rtin-paragraph\">simply dummy text of the printing and typ aeartyue areasetting industry. Lorem Ipsum has<\/div>\n          <div class=\"media media-none--xs\">\n                          <div class=\"rtin-img\">\n                <img decoding=\"async\" src=\"https:\/\/ccorporativo.mx\/bandipro\/wp-content\/uploads\/2019\/07\/8-320x320.jpg\" class=\"media-img-auto\" alt=\"testimonial\">\n              <\/div>\n                        <div class=\"media-body space-md\">\n              <h3 class=\"rtin-title\">John Lennon<\/h3>\n              <div class=\"rtin-subtitle\">Web Automator<\/div>\n            <\/div>\n          <\/div>\n        <\/div>\n          <\/div>\n<\/div> \n\n\t\t\t\t<\/div>\n\t\t\t\t<\/div>\n\t\t\t\t\t<\/div>\n\t\t<\/div>\n\t\t\t\t\t<\/div>\n\t\t<\/section>\n\t\t\t\t<\/div>\n\t\t","protected":false},"excerpt":{"rendered":"<p>simply dummy text of the printing and typ aeartyue areasetting industry. Lorem Ipsum has John Lennon Web Automator simply dummy text of the printing and typ aeartyue areasetting industry. Lorem Ipsum has Ed Sheeran Digital Marketer simply dummy text of the printing and typ aeartyue areasetting industry. Lorem Ipsum has Jane Doe SEO Specialist simply&#8230;<\/p>\n","protected":false},"author":1,"featured_media":0,"parent":0,"menu_order":0,"comment_status":"closed","ping_status":"closed","template":"","meta":{"inline_featured_image":false,"footnotes":""},"class_list":["post-3904","page","type-page","status-publish","hentry"],"_links":{"self":[{"href":"https:\/\/ccorporativo.mx\/bandipro\/wp-json\/wp\/v2\/pages\/3904","targetHints":{"allow":["GET"]}}],"collection":[{"href":"https:\/\/ccorporativo.mx\/bandipro\/wp-json\/wp\/v2\/pages"}],"about":[{"href":"https:\/\/ccorporativo.mx\/bandipro\/wp-json\/wp\/v2\/types\/page"}],"author":[{"embeddable":true,"href":"https:\/\/ccorporativo.mx\/bandipro\/wp-json\/wp\/v2\/users\/1"}],"replies":[{"embeddable":true,"href":"https:\/\/ccorporativo.mx\/bandipro\/wp-json\/wp\/v2\/comments?post=3904"}],"version-history":[{"count":0,"href":"https:\/\/ccorporativo.mx\/bandipro\/wp-json\/wp\/v2\/pages\/3904\/revisions"}],"wp:attachment":[{"href":"https:\/\/ccorporativo.mx\/bandipro\/wp-json\/wp\/v2\/media?parent=3904"}],"curies":[{"name":"wp","href":"https:\/\/api.w.org\/{rel}","templated":true}]}}