{"id":3903,"date":"2019-08-28T12:27:55","date_gmt":"2019-08-28T12:27:55","guid":{"rendered":"https:\/\/ccorporativo.mx\/bandipro\/?page_id=3903"},"modified":"2020-10-27T04:31:23","modified_gmt":"2020-10-27T04:31:23","slug":"testimonial-2","status":"publish","type":"page","link":"https:\/\/ccorporativo.mx\/bandipro\/testimonial-2\/","title":{"rendered":"Testimonial &#8211; 2"},"content":{"rendered":"\t\t<div data-elementor-type=\"wp-post\" data-elementor-id=\"3903\" class=\"elementor elementor-3903\">\n\t\t\t\t\t\t<section class=\"elementor-section elementor-top-section elementor-element elementor-element-dd22877 elementor-section-stretched elementor-section-boxed elementor-section-height-default elementor-section-height-default\" data-id=\"dd22877\" data-element_type=\"section\" data-settings=\"{&quot;stretch_section&quot;:&quot;section-stretched&quot;,&quot;background_background&quot;:&quot;classic&quot;}\">\n\t\t\t\t\t\t<div class=\"elementor-container elementor-column-gap-default\">\n\t\t\t\t\t<div class=\"elementor-column elementor-col-100 elementor-top-column elementor-element elementor-element-fbc8b67\" data-id=\"fbc8b67\" data-element_type=\"column\">\n\t\t\t<div class=\"elementor-widget-wrap elementor-element-populated\">\n\t\t\t\t\t\t<div class=\"elementor-element elementor-element-f91cfdc elementor-widget elementor-widget-rt-testimonial\" data-id=\"f91cfdc\" data-element_type=\"widget\" data-widget_type=\"rt-testimonial.default\">\n\t\t\t\t<div class=\"elementor-widget-container\">\n\t\t\t\t\t\n<div class=\"rtel-testimonial-2\">\n  <div class=\"slick-carousel slick-carousel-content\" id=\"slick-carousel-content-6a04d62f1b19d\" data-slick='{&quot;speed&quot;:1000,&quot;autoplaySpeed&quot;:&quot;5000&quot;,&quot;pauseOnHover&quot;:true,&quot;autoplay&quot;:false,&quot;lazyLoad&quot;:&quot;progressive&quot;,&quot;dots&quot;:false,&quot;arrows&quot;:false,&quot;adaptiveHeight&quot;:false,&quot;rtl&quot;:false,&quot;initialSlide&quot;:0,&quot;slidesToShow&quot;:1,&quot;slidesToShowTab&quot;:1,&quot;slidesToShowMobile&quot;:1,&quot;slidesToScroll&quot;:1,&quot;asNavFor&quot;:&quot;#slick-carousel-nav-6a04d62f1b19e&quot;}'>\n                <div class=\"testimonial-content\">\n        <p>\u201c\n          El equipo nos ayud\u00f3 a entender mejor a nuestro p\u00fablico y a desarrollar campa\u00f1as m\u00e1s efectivas. Su experiencia y compromiso fueron fundamentales para el \u00e9xito de nuestro proyecto.        \u201d<\/p>\n        <h3 class=\"item-title\">Ana Mar\u00eda Ram\u00edrez<\/h3>\n        <div class=\"item-subtitle\"><\/div>\n      <\/div>\n                <div class=\"testimonial-content\">\n        <p>\u201c\n          Antes de trabajar con esta consultor\u00eda, nuestro marketing era poco estructurado. Ahora tenemos una estrategia clara y medible que nos ha permitido crecer de manera sostenible. \u00a1Totalmente recomendados!        \u201d<\/p>\n        <h3 class=\"item-title\">Ricardo G\u00f3mez<\/h3>\n        <div class=\"item-subtitle\"><\/div>\n      <\/div>\n                <div class=\"testimonial-content\">\n        <p>\u201c\n          La asesor\u00eda que recibimos fue clave para posicionar nuestra marca en el mercado. Nos brindaron estrategias innovadoras y herramientas efectivas que transformaron nuestra forma de atraer clientes.        \u201d<\/p>\n        <h3 class=\"item-title\">Mariana L\u00f3pez<\/h3>\n        <div class=\"item-subtitle\"><\/div>\n      <\/div>\n      <\/div>\n  <div class=\"slick-carousel slick-carousel-nav\" id=\"slick-carousel-nav-6a04d62f1b19e\" data-slick=\"{&quot;speed&quot;:1000,&quot;autoplaySpeed&quot;:&quot;5000&quot;,&quot;pauseOnHover&quot;:true,&quot;autoplay&quot;:false,&quot;lazyLoad&quot;:&quot;progressive&quot;,&quot;dots&quot;:false,&quot;arrows&quot;:false,&quot;adaptiveHeight&quot;:false,&quot;rtl&quot;:false,&quot;initialSlide&quot;:0,&quot;slidesToShow&quot;:5,&quot;slidesToShowTab&quot;:5,&quot;slidesToShowMobile&quot;:3,&quot;slidesToScroll&quot;:1,&quot;focusOnSelect&quot;:true,&quot;asNavFor&quot;:&quot;#slick-carousel-content-6a04d62f1b19d&quot;,&quot;prevArrow&quot;:&quot;&lt;span class=\\&quot;slick-prev slick-navigation\\&quot;&gt;&lt;i class=\\&quot;flaticon-back\\&quot;&gt;&lt;\\\/i&gt;&lt;\\\/span&gt;&quot;,&quot;nextArrow&quot;:&quot;&lt;span class=\\&quot;slick-next slick-navigation\\&quot;&gt;&lt;i class=\\&quot;flaticon-next\\&quot;&gt;&lt;\\\/i&gt;&lt;\\\/span&gt;&quot;}\">\n                <div class=\"nav-item\"><img fetchpriority=\"high\" decoding=\"async\" width=\"320\" height=\"320\" src=\"https:\/\/ccorporativo.mx\/bandipro\/wp-content\/themes\/optimax\/assets\/img\/noimage\/noimage_320x320.jpg\" alt=\"Ana Mar\u00eda Ram\u00edrez\"><\/div>\n                <div class=\"nav-item\"><img decoding=\"async\" width=\"320\" height=\"320\" src=\"https:\/\/ccorporativo.mx\/bandipro\/wp-content\/themes\/optimax\/assets\/img\/noimage\/noimage_320x320.jpg\" alt=\"Ricardo G\u00f3mez\"><\/div>\n                <div class=\"nav-item\"><img decoding=\"async\" width=\"320\" height=\"320\" src=\"https:\/\/ccorporativo.mx\/bandipro\/wp-content\/themes\/optimax\/assets\/img\/noimage\/noimage_320x320.jpg\" alt=\"Mariana L\u00f3pez\"><\/div>\n      <\/div>\n<\/div>\t\t\t\t<\/div>\n\t\t\t\t<\/div>\n\t\t\t\t\t<\/div>\n\t\t<\/div>\n\t\t\t\t\t<\/div>\n\t\t<\/section>\n\t\t\t\t<\/div>\n\t\t","protected":false},"excerpt":{"rendered":"<p>\u201c simply dummy text of the printing and typ aeartyue areasetting industry. Lorem Ipsum has been industry&#8217;s text ever since the when an unknown printer took a galley of type and scram area store sit amet, \u201d John Lennon Web Automator \u201c simply dummy text of the printing and typ aeartyue areasetting industry. Lorem Ipsum&#8230;<\/p>\n","protected":false},"author":1,"featured_media":0,"parent":0,"menu_order":0,"comment_status":"closed","ping_status":"closed","template":"","meta":{"inline_featured_image":false,"footnotes":""},"class_list":["post-3903","page","type-page","status-publish","hentry"],"_links":{"self":[{"href":"https:\/\/ccorporativo.mx\/bandipro\/wp-json\/wp\/v2\/pages\/3903","targetHints":{"allow":["GET"]}}],"collection":[{"href":"https:\/\/ccorporativo.mx\/bandipro\/wp-json\/wp\/v2\/pages"}],"about":[{"href":"https:\/\/ccorporativo.mx\/bandipro\/wp-json\/wp\/v2\/types\/page"}],"author":[{"embeddable":true,"href":"https:\/\/ccorporativo.mx\/bandipro\/wp-json\/wp\/v2\/users\/1"}],"replies":[{"embeddable":true,"href":"https:\/\/ccorporativo.mx\/bandipro\/wp-json\/wp\/v2\/comments?post=3903"}],"version-history":[{"count":0,"href":"https:\/\/ccorporativo.mx\/bandipro\/wp-json\/wp\/v2\/pages\/3903\/revisions"}],"wp:attachment":[{"href":"https:\/\/ccorporativo.mx\/bandipro\/wp-json\/wp\/v2\/media?parent=3903"}],"curies":[{"name":"wp","href":"https:\/\/api.w.org\/{rel}","templated":true}]}}