{"id":3901,"date":"2019-08-28T12:27:35","date_gmt":"2019-08-28T12:27:35","guid":{"rendered":"https:\/\/ccorporativo.mx\/bandipro\/?page_id=3901"},"modified":"2020-10-15T11:43:01","modified_gmt":"2020-10-15T11:43:01","slug":"testimonial-1","status":"publish","type":"page","link":"https:\/\/ccorporativo.mx\/bandipro\/testimonial-1\/","title":{"rendered":"Testimonial &#8211; 1"},"content":{"rendered":"\t\t<div data-elementor-type=\"wp-post\" data-elementor-id=\"3901\" class=\"elementor elementor-3901\">\n\t\t\t\t\t\t<section class=\"elementor-section elementor-top-section elementor-element elementor-element-387c9e9 elementor-section-stretched elementor-section-boxed elementor-section-height-default elementor-section-height-default\" data-id=\"387c9e9\" data-element_type=\"section\" data-settings=\"{&quot;stretch_section&quot;:&quot;section-stretched&quot;}\">\n\t\t\t\t\t\t<div class=\"elementor-container elementor-column-gap-default\">\n\t\t\t\t\t<div class=\"elementor-column elementor-col-100 elementor-top-column elementor-element elementor-element-c22193f\" data-id=\"c22193f\" data-element_type=\"column\">\n\t\t\t<div class=\"elementor-widget-wrap elementor-element-populated\">\n\t\t\t\t\t\t<div class=\"elementor-element elementor-element-ce3c4a6 elementor-widget elementor-widget-rt-testimonial\" data-id=\"ce3c4a6\" data-element_type=\"widget\" data-widget_type=\"rt-testimonial.default\">\n\t\t\t\t<div class=\"elementor-widget-container\">\n\t\t\t\t\t<div class=\"rtel-testimonial-1\">\n  <div class=\"row\">\n    <div class=\"col-lg-6\">\n      <div class=\"rtin-testimonial-left\">\n        <img decoding=\"async\" width=\"150\" height=\"150\" src=\"https:\/\/ccorporativo.mx\/bandipro\/wp-content\/uploads\/2019\/07\/testimonial1-150x150.jpg\" class=\"attachment-thumbnail size-thumbnail wp-image-2580\" alt=\"\" srcset=\"https:\/\/ccorporativo.mx\/bandipro\/wp-content\/uploads\/2019\/07\/testimonial1-150x150.jpg 150w, https:\/\/ccorporativo.mx\/bandipro\/wp-content\/uploads\/2019\/07\/testimonial1-320x320.jpg 320w\" sizes=\"(max-width: 150px) 100vw, 150px\" \/>      <\/div>\n    <\/div>\n    <div class=\"col-lg-6\">\n      <div class=\"rtin-testimonial-right\">\n        <div class=\"heading-layout1 text-lg-left\">\n          <h2>Clients Feedback<\/h2>\n        <\/div>\n        <div class=\"owl-carousel rt-owl-carousel rc-carousel dot-control-layout1\" data-carousel-options=\"{&quot;nav&quot;:false,&quot;dots&quot;:false,&quot;autoplay&quot;:false,&quot;autoplayTimeout&quot;:&quot;5000&quot;,&quot;autoplaySpeed&quot;:600,&quot;autoplayHoverPause&quot;:true,&quot;loop&quot;:true,&quot;margin&quot;:10,&quot;smartSpeed&quot;:1200,&quot;responsive&quot;:{&quot;0&quot;:{&quot;items&quot;:1,&quot;nav&quot;:false,&quot;dots&quot;:true},&quot;480&quot;:{&quot;items&quot;:1,&quot;nav&quot;:false,&quot;dots&quot;:true},&quot;768&quot;:{&quot;items&quot;:1,&quot;nav&quot;:false,&quot;dots&quot;:true},&quot;992&quot;:{&quot;items&quot;:1,&quot;nav&quot;:false,&quot;dots&quot;:true},&quot;1200&quot;:{&quot;items&quot;:1,&quot;nav&quot;:false,&quot;dots&quot;:true}}}\">\n                                <div class=\"single-testimonial\">\n              <div class=\"item-paragraph\">El equipo nos ayud\u00f3 a entender mejor a nuestro p\u00fablico y a desarrollar campa\u00f1as m\u00e1s efectivas. Su experiencia y compromiso fueron fundamentales para el \u00e9xito de nuestro proyecto.<\/div>\n              <h3 class=\"item-title\">Ana Mar\u00eda Ram\u00edrez<\/h3>\n              <div class=\"item-subtitle\"><\/div>\n            <\/div>\n                                <div class=\"single-testimonial\">\n              <div class=\"item-paragraph\">Antes de trabajar con esta consultor\u00eda, nuestro marketing era poco estructurado. Ahora tenemos una estrategia clara y medible que nos ha permitido crecer de manera sostenible. \u00a1Totalmente recomendados!<\/div>\n              <h3 class=\"item-title\">Ricardo G\u00f3mez<\/h3>\n              <div class=\"item-subtitle\"><\/div>\n            <\/div>\n                                <div class=\"single-testimonial\">\n              <div class=\"item-paragraph\">La asesor\u00eda que recibimos fue clave para posicionar nuestra marca en el mercado. Nos brindaron estrategias innovadoras y herramientas efectivas que transformaron nuestra forma de atraer clientes.<\/div>\n              <h3 class=\"item-title\">Mariana L\u00f3pez<\/h3>\n              <div class=\"item-subtitle\"><\/div>\n            <\/div>\n                  <\/div>\n    <\/div>\n  <\/div>\n<\/div>\n<\/div> \n\n\t\t\t\t<\/div>\n\t\t\t\t<\/div>\n\t\t\t\t\t<\/div>\n\t\t<\/div>\n\t\t\t\t\t<\/div>\n\t\t<\/section>\n\t\t\t\t<\/div>\n\t\t","protected":false},"excerpt":{"rendered":"<p>Clients Feedback simply dummy text of the printing and typ aeartyue areasetting industry. Lorem Ipsum has been industry&#8217;s text ever since the when an unknown printer took a galley of type and scram area store sit amet, consectetur adipiscing elit, sed do eiusmod tempor incididunt ut labore et dolore magna aliqua. John Lennon Web Automator&#8230;<\/p>\n","protected":false},"author":1,"featured_media":0,"parent":0,"menu_order":0,"comment_status":"closed","ping_status":"closed","template":"","meta":{"inline_featured_image":false,"footnotes":""},"class_list":["post-3901","page","type-page","status-publish","hentry"],"_links":{"self":[{"href":"https:\/\/ccorporativo.mx\/bandipro\/wp-json\/wp\/v2\/pages\/3901","targetHints":{"allow":["GET"]}}],"collection":[{"href":"https:\/\/ccorporativo.mx\/bandipro\/wp-json\/wp\/v2\/pages"}],"about":[{"href":"https:\/\/ccorporativo.mx\/bandipro\/wp-json\/wp\/v2\/types\/page"}],"author":[{"embeddable":true,"href":"https:\/\/ccorporativo.mx\/bandipro\/wp-json\/wp\/v2\/users\/1"}],"replies":[{"embeddable":true,"href":"https:\/\/ccorporativo.mx\/bandipro\/wp-json\/wp\/v2\/comments?post=3901"}],"version-history":[{"count":0,"href":"https:\/\/ccorporativo.mx\/bandipro\/wp-json\/wp\/v2\/pages\/3901\/revisions"}],"wp:attachment":[{"href":"https:\/\/ccorporativo.mx\/bandipro\/wp-json\/wp\/v2\/media?parent=3901"}],"curies":[{"name":"wp","href":"https:\/\/api.w.org\/{rel}","templated":true}]}}